{"id":788,"date":"2023-10-05T09:17:04","date_gmt":"2023-10-05T09:17:04","guid":{"rendered":"https:\/\/lstsurf.com\/resources\/"},"modified":"2023-10-06T09:19:17","modified_gmt":"2023-10-06T09:19:17","slug":"resources","status":"publish","type":"page","link":"https:\/\/lstsurf.com\/vi\/resources\/","title":{"rendered":"Ngu\u1ed3n Tin"},"content":{"rendered":"\t\t<div data-elementor-type=\"wp-page\" data-elementor-id=\"788\" class=\"elementor elementor-788\" data-elementor-post-type=\"page\">\n\t\t\t\t\t\t\t<div class=\"elementor-element elementor-element-26bd2f2 e-con-full e-flex e-con e-parent\" data-id=\"26bd2f2\" data-element_type=\"container\" data-settings=\"{&quot;content_width&quot;:&quot;full&quot;}\" data-core-v316-plus=\"true\">\n\t\t\t\t<div class=\"elementor-element elementor-element-df86a6d elementor--h-position-center elementor--v-position-middle elementor-arrows-position-inside elementor-pagination-position-inside elementor-widget elementor-widget-slides\" data-id=\"df86a6d\" data-element_type=\"widget\" data-settings=\"{&quot;navigation&quot;:&quot;both&quot;,&quot;autoplay&quot;:&quot;yes&quot;,&quot;pause_on_hover&quot;:&quot;yes&quot;,&quot;pause_on_interaction&quot;:&quot;yes&quot;,&quot;autoplay_speed&quot;:5000,&quot;infinite&quot;:&quot;yes&quot;,&quot;transition&quot;:&quot;slide&quot;,&quot;transition_speed&quot;:500}\" data-widget_type=\"slides.default\">\n\t\t\t\t<div class=\"elementor-widget-container\">\n\t\t\t<style>\/*! elementor-pro - v3.14.0 - 26-06-2023 *\/\n.elementor-slides .swiper-slide-bg{background-size:cover;background-position:50%;background-repeat:no-repeat;min-width:100%;min-height:100%}.elementor-slides .swiper-slide-inner{background-repeat:no-repeat;background-position:50%;position:absolute;top:0;left:0;bottom:0;right:0;padding:50px;margin:auto}.elementor-slides .swiper-slide-inner,.elementor-slides .swiper-slide-inner:hover{color:#fff;display:flex}.elementor-slides .swiper-slide-inner .elementor-background-overlay{position:absolute;z-index:0;top:0;bottom:0;left:0;right:0}.elementor-slides .swiper-slide-inner .elementor-slide-content{position:relative;z-index:1;width:100%}.elementor-slides .swiper-slide-inner .elementor-slide-heading{font-size:35px;font-weight:700;line-height:1}.elementor-slides .swiper-slide-inner .elementor-slide-description{font-size:17px;line-height:1.4}.elementor-slides .swiper-slide-inner .elementor-slide-description:not(:last-child),.elementor-slides .swiper-slide-inner .elementor-slide-heading:not(:last-child){margin-bottom:30px}.elementor-slides .swiper-slide-inner .elementor-slide-button{border:2px solid #fff;color:#fff;background:transparent;display:inline-block}.elementor-slides .swiper-slide-inner .elementor-slide-button,.elementor-slides .swiper-slide-inner .elementor-slide-button:hover{background:transparent;color:inherit;text-decoration:none}.elementor--v-position-top .swiper-slide-inner{align-items:flex-start}.elementor--v-position-bottom .swiper-slide-inner{align-items:flex-end}.elementor--v-position-middle .swiper-slide-inner{align-items:center}.elementor--h-position-left .swiper-slide-inner{justify-content:flex-start}.elementor--h-position-right .swiper-slide-inner{justify-content:flex-end}.elementor--h-position-center .swiper-slide-inner{justify-content:center}body.rtl .elementor-widget-slides .elementor-swiper-button-next{left:10px;right:auto}body.rtl .elementor-widget-slides .elementor-swiper-button-prev{right:10px;left:auto}.elementor-slides-wrapper div:not(.swiper-slide)>.swiper-slide-inner{display:none}@media (max-width:767px){.elementor-slides .swiper-slide-inner{padding:30px}.elementor-slides .swiper-slide-inner .elementor-slide-heading{font-size:23px;line-height:1;margin-bottom:15px}.elementor-slides .swiper-slide-inner .elementor-slide-description{font-size:13px;line-height:1.4;margin-bottom:15px}}<\/style>\t\t<div class=\"elementor-swiper\">\n\t\t\t<div class=\"elementor-slides-wrapper elementor-main-swiper swiper\" dir=\"ltr\" data-animation=\"fadeInUp\">\n\t\t\t\t<div class=\"swiper-wrapper elementor-slides\">\n\t\t\t\t\t\t\t\t\t\t<div class=\"elementor-repeater-item-cb70c99 swiper-slide\"><div class=\"swiper-slide-bg elementor-ken-burns elementor-ken-burns--in\" role=\"img\"><\/div><div class=\"swiper-slide-inner\" ><div class=\"swiper-slide-contents\"><\/div><\/div><\/div><div class=\"elementor-repeater-item-10fb540 swiper-slide\"><div class=\"swiper-slide-bg elementor-ken-burns elementor-ken-burns--in\" role=\"img\"><\/div><div class=\"swiper-slide-inner\" ><div class=\"swiper-slide-contents\"><\/div><\/div><\/div>\t\t\t\t<\/div>\n\t\t\t\t\t\t\t\t\t\t\t\t\t\t\t<div class=\"swiper-pagination\"><\/div>\n\t\t\t\t\t\t\t\t\t\t\t\t\t\t\t\t<div class=\"elementor-swiper-button elementor-swiper-button-prev\" role=\"button\" tabindex=\"0\">\n\t\t\t\t\t\t\t<i aria-hidden=\"true\" class=\"eicon-chevron-left\"><\/i>\t\t\t\t\t\t\t<span class=\"elementor-screen-only\">Previous slide<\/span>\n\t\t\t\t\t\t<\/div>\n\t\t\t\t\t\t<div class=\"elementor-swiper-button elementor-swiper-button-next\" role=\"button\" tabindex=\"0\">\n\t\t\t\t\t\t\t<i aria-hidden=\"true\" class=\"eicon-chevron-right\"><\/i>\t\t\t\t\t\t\t<span class=\"elementor-screen-only\">Next slide<\/span>\n\t\t\t\t\t\t<\/div>\n\t\t\t\t\t\t\t\t\t\t\t\t<\/div>\n\t\t<\/div>\n\t\t\t\t<\/div>\n\t\t\t\t<\/div>\n\t\t\t\t<\/div>\n\t\t<div class=\"elementor-element elementor-element-45cb196 e-flex e-con-boxed e-con e-parent\" data-id=\"45cb196\" data-element_type=\"container\" data-settings=\"{&quot;content_width&quot;:&quot;boxed&quot;}\" data-core-v316-plus=\"true\">\n\t\t\t\t\t<div class=\"e-con-inner\">\n\t\t\t\t<div class=\"elementor-element elementor-element-fb88fb8 elementor-invisible elementor-widget elementor-widget-heading\" data-id=\"fb88fb8\" data-element_type=\"widget\" data-settings=\"{&quot;_animation&quot;:&quot;fadeInUp&quot;}\" data-widget_type=\"heading.default\">\n\t\t\t\t<div class=\"elementor-widget-container\">\n\t\t\t<style>\/*! elementor - v3.16.0 - 20-09-2023 *\/\n.elementor-heading-title{padding:0;margin:0;line-height:1}.elementor-widget-heading .elementor-heading-title[class*=elementor-size-]>a{color:inherit;font-size:inherit;line-height:inherit}.elementor-widget-heading .elementor-heading-title.elementor-size-small{font-size:15px}.elementor-widget-heading .elementor-heading-title.elementor-size-medium{font-size:19px}.elementor-widget-heading .elementor-heading-title.elementor-size-large{font-size:29px}.elementor-widget-heading .elementor-heading-title.elementor-size-xl{font-size:39px}.elementor-widget-heading .elementor-heading-title.elementor-size-xxl{font-size:59px}<\/style><h2 class=\"elementor-heading-title elementor-size-default\">LST TEAM<\/h2>\t\t<\/div>\n\t\t\t\t<\/div>\n\t\t\t\t\t<\/div>\n\t\t\t\t<\/div>\n\t\t<div class=\"elementor-element elementor-element-8160c41 e-flex e-con-boxed e-con e-parent\" data-id=\"8160c41\" data-element_type=\"container\" data-settings=\"{&quot;content_width&quot;:&quot;boxed&quot;}\" data-core-v316-plus=\"true\">\n\t\t\t\t\t<div class=\"e-con-inner\">\n\t\t<div class=\"elementor-element elementor-element-150bd8b e-con-full e-flex e-con e-child\" data-id=\"150bd8b\" data-element_type=\"container\" data-settings=\"{&quot;content_width&quot;:&quot;full&quot;}\">\n\t\t\t\t<div class=\"elementor-element elementor-element-3632df4 elementor-widget elementor-widget-image\" data-id=\"3632df4\" data-element_type=\"widget\" data-widget_type=\"image.default\">\n\t\t\t\t<div class=\"elementor-widget-container\">\n\t\t\t<style>\/*! elementor - v3.16.0 - 20-09-2023 *\/\n.elementor-widget-image{text-align:center}.elementor-widget-image a{display:inline-block}.elementor-widget-image a img[src$=\".svg\"]{width:48px}.elementor-widget-image img{vertical-align:middle;display:inline-block}<\/style>\t\t\t\t\t\t\t\t\t\t\t\t<img loading=\"lazy\" decoding=\"async\" width=\"500\" height=\"500\" src=\"https:\/\/lstsurf.com\/wp-content\/uploads\/2023\/10\/2.jpg\" class=\"attachment-large size-large wp-image-724\" alt=\"custom surfboards Danang Vietnam\" srcset=\"https:\/\/lstsurf.com\/wp-content\/uploads\/2023\/10\/2.jpg 500w, https:\/\/lstsurf.com\/wp-content\/uploads\/2023\/10\/2-300x300.jpg 300w, https:\/\/lstsurf.com\/wp-content\/uploads\/2023\/10\/2-150x150.jpg 150w, https:\/\/lstsurf.com\/wp-content\/uploads\/2023\/10\/2-100x100.jpg 100w\" sizes=\"auto, (max-width: 500px) 100vw, 500px\" style=\"width:100%;height:100%;max-width:500px\" \/>\t\t\t\t\t\t\t\t\t\t\t\t\t\t\t<\/div>\n\t\t\t\t<\/div>\n\t\t\t\t<div class=\"elementor-element elementor-element-13b53c3 elementor-widget elementor-widget-heading\" data-id=\"13b53c3\" data-element_type=\"widget\" data-widget_type=\"heading.default\">\n\t\t\t\t<div class=\"elementor-widget-container\">\n\t\t\t<h2 class=\"elementor-heading-title elementor-size-default\">KUSAN<\/h2>\t\t<\/div>\n\t\t\t\t<\/div>\n\t\t\t\t<div class=\"elementor-element elementor-element-afa0b74 elementor-widget elementor-widget-text-editor\" data-id=\"afa0b74\" data-element_type=\"widget\" data-widget_type=\"text-editor.default\">\n\t\t\t\t<div class=\"elementor-widget-container\">\n\t\t\t<style>\/*! elementor - v3.16.0 - 20-09-2023 *\/\n.elementor-widget-text-editor.elementor-drop-cap-view-stacked .elementor-drop-cap{background-color:#69727d;color:#fff}.elementor-widget-text-editor.elementor-drop-cap-view-framed .elementor-drop-cap{color:#69727d;border:3px solid;background-color:transparent}.elementor-widget-text-editor:not(.elementor-drop-cap-view-default) .elementor-drop-cap{margin-top:8px}.elementor-widget-text-editor:not(.elementor-drop-cap-view-default) .elementor-drop-cap-letter{width:1em;height:1em}.elementor-widget-text-editor .elementor-drop-cap{float:left;text-align:center;line-height:1;font-size:50px}.elementor-widget-text-editor .elementor-drop-cap-letter{display:inline-block}<\/style>\t\t\t\t<p>S\u1ed1 \u0110i\u1ec7n Tho\u1ea1i \u2013 Zalo \u2013 Whatsapp<\/p>\n<p>Whatsapp (+84) 035-977-1237<\/p>\n<p>Ng\u00f4n Ng\u1eef<br \/>Ti\u1ebfng Ph\u00e1p \/ Ti\u1ebfng Anh \/ Ti\u1ebfng Vi\u1ec7t<\/p>\n\t\t\t\t\t\t<\/div>\n\t\t\t\t<\/div>\n\t\t\t\t<\/div>\n\t\t<div class=\"elementor-element elementor-element-6dfcee2 e-con-full e-flex e-con e-child\" data-id=\"6dfcee2\" data-element_type=\"container\" data-settings=\"{&quot;content_width&quot;:&quot;full&quot;}\">\n\t\t\t\t<div class=\"elementor-element elementor-element-5ff9d1b elementor-widget elementor-widget-image\" data-id=\"5ff9d1b\" data-element_type=\"widget\" data-widget_type=\"image.default\">\n\t\t\t\t<div class=\"elementor-widget-container\">\n\t\t\t\t\t\t\t\t\t\t\t\t\t\t\t<img loading=\"lazy\" decoding=\"async\" width=\"750\" height=\"750\" src=\"https:\/\/lstsurf.com\/wp-content\/uploads\/2023\/10\/12312-1024x1024.jpg\" class=\"attachment-large size-large wp-image-725\" alt=\"Surfboard repair danang vietnam\" srcset=\"https:\/\/lstsurf.com\/wp-content\/uploads\/2023\/10\/12312-1024x1024.jpg 1024w, https:\/\/lstsurf.com\/wp-content\/uploads\/2023\/10\/12312-300x300.jpg 300w, https:\/\/lstsurf.com\/wp-content\/uploads\/2023\/10\/12312-150x150.jpg 150w, https:\/\/lstsurf.com\/wp-content\/uploads\/2023\/10\/12312-768x768.jpg 768w, https:\/\/lstsurf.com\/wp-content\/uploads\/2023\/10\/12312-600x600.jpg 600w, https:\/\/lstsurf.com\/wp-content\/uploads\/2023\/10\/12312-100x100.jpg 100w, https:\/\/lstsurf.com\/wp-content\/uploads\/2023\/10\/12312.jpg 1178w\" sizes=\"auto, (max-width: 750px) 100vw, 750px\" style=\"width:100%;height:100%;max-width:1178px\" \/>\t\t\t\t\t\t\t\t\t\t\t\t\t\t\t<\/div>\n\t\t\t\t<\/div>\n\t\t\t\t<div class=\"elementor-element elementor-element-9bad563 elementor-widget elementor-widget-heading\" data-id=\"9bad563\" data-element_type=\"widget\" data-widget_type=\"heading.default\">\n\t\t\t\t<div class=\"elementor-widget-container\">\n\t\t\t<h2 class=\"elementor-heading-title elementor-size-default\">KUSAN<\/h2>\t\t<\/div>\n\t\t\t\t<\/div>\n\t\t\t\t<div class=\"elementor-element elementor-element-1c6490d elementor-widget elementor-widget-text-editor\" data-id=\"1c6490d\" data-element_type=\"widget\" data-widget_type=\"text-editor.default\">\n\t\t\t\t<div class=\"elementor-widget-container\">\n\t\t\t\t\t\t\t<p>S\u1ed1 \u0110i\u1ec7n Tho\u1ea1i \u2013 Zalo \u2013 Whatsapp<\/p>\n<p>Whatsapp (+84) 091-265-7544<\/p>\n<p>Ng\u00f4n Ng\u1eef<br \/>Ti\u1ebfng Anh \/ Ti\u1ebfng Vi\u1ec7t<\/p>\n\t\t\t\t\t\t<\/div>\n\t\t\t\t<\/div>\n\t\t\t\t<\/div>\n\t\t<div class=\"elementor-element elementor-element-47511c7 e-con-full e-flex e-con e-child\" data-id=\"47511c7\" data-element_type=\"container\" data-settings=\"{&quot;content_width&quot;:&quot;full&quot;}\">\n\t\t\t\t<div class=\"elementor-element elementor-element-f7108ff elementor-widget elementor-widget-image\" data-id=\"f7108ff\" data-element_type=\"widget\" data-widget_type=\"image.default\">\n\t\t\t\t<div class=\"elementor-widget-container\">\n\t\t\t\t\t\t\t\t\t\t\t\t\t\t\t<img loading=\"lazy\" decoding=\"async\" width=\"750\" height=\"750\" src=\"https:\/\/lstsurf.com\/wp-content\/uploads\/2023\/10\/Tan-portrait-scaled-1-1024x1024.jpg\" class=\"attachment-large size-large wp-image-726\" alt=\"Surfboard repair danang vietnam\" srcset=\"https:\/\/lstsurf.com\/wp-content\/uploads\/2023\/10\/Tan-portrait-scaled-1-1024x1024.jpg 1024w, https:\/\/lstsurf.com\/wp-content\/uploads\/2023\/10\/Tan-portrait-scaled-1-300x300.jpg 300w, https:\/\/lstsurf.com\/wp-content\/uploads\/2023\/10\/Tan-portrait-scaled-1-150x150.jpg 150w, https:\/\/lstsurf.com\/wp-content\/uploads\/2023\/10\/Tan-portrait-scaled-1-768x768.jpg 768w, https:\/\/lstsurf.com\/wp-content\/uploads\/2023\/10\/Tan-portrait-scaled-1-1536x1536.jpg 1536w, https:\/\/lstsurf.com\/wp-content\/uploads\/2023\/10\/Tan-portrait-scaled-1-1568x1568.jpg 1568w, https:\/\/lstsurf.com\/wp-content\/uploads\/2023\/10\/Tan-portrait-scaled-1-1320x1320.jpg 1320w, https:\/\/lstsurf.com\/wp-content\/uploads\/2023\/10\/Tan-portrait-scaled-1-600x600.jpg 600w, https:\/\/lstsurf.com\/wp-content\/uploads\/2023\/10\/Tan-portrait-scaled-1-100x100.jpg 100w, https:\/\/lstsurf.com\/wp-content\/uploads\/2023\/10\/Tan-portrait-scaled-1.jpg 1806w\" sizes=\"auto, (max-width: 750px) 100vw, 750px\" style=\"width:100%;height:100%;max-width:1806px\" \/>\t\t\t\t\t\t\t\t\t\t\t\t\t\t\t<\/div>\n\t\t\t\t<\/div>\n\t\t\t\t<div class=\"elementor-element elementor-element-d16dc2e elementor-widget elementor-widget-heading\" data-id=\"d16dc2e\" data-element_type=\"widget\" data-widget_type=\"heading.default\">\n\t\t\t\t<div class=\"elementor-widget-container\">\n\t\t\t<h2 class=\"elementor-heading-title elementor-size-default\">TAN<\/h2>\t\t<\/div>\n\t\t\t\t<\/div>\n\t\t\t\t<div class=\"elementor-element elementor-element-095d80d elementor-widget elementor-widget-text-editor\" data-id=\"095d80d\" data-element_type=\"widget\" data-widget_type=\"text-editor.default\">\n\t\t\t\t<div class=\"elementor-widget-container\">\n\t\t\t\t\t\t\t<p>S\u1ed1 \u0110i\u1ec7n Tho\u1ea1i \u2013 Zalo \u2013 Whatsapp<\/p>\n<p>Whatsapp (+84) 090-191-7791<\/p>\n<\/p>\n<p>Ng\u00f4n Ng\u1eef<br \/>Ti\u1ebfng Vi\u1ec7t \/ Ti\u1ebfng Trung ph\u1ed5 th\u00f4ng<\/p>\n\t\t\t\t\t\t<\/div>\n\t\t\t\t<\/div>\n\t\t\t\t<\/div>\n\t\t\t\t\t<\/div>\n\t\t\t\t<\/div>\n\t\t<div class=\"elementor-element elementor-element-4264ef4 e-flex e-con-boxed e-con e-parent\" data-id=\"4264ef4\" data-element_type=\"container\" data-settings=\"{&quot;content_width&quot;:&quot;boxed&quot;}\" data-core-v316-plus=\"true\">\n\t\t\t\t\t<div class=\"e-con-inner\">\n\t\t\t\t<div class=\"elementor-element elementor-element-99f9f99 elementor-widget elementor-widget-google_maps\" data-id=\"99f9f99\" data-element_type=\"widget\" data-widget_type=\"google_maps.default\">\n\t\t\t\t<div class=\"elementor-widget-container\">\n\t\t\t<style>\/*! elementor - v3.16.0 - 20-09-2023 *\/\n.elementor-widget-google_maps .elementor-widget-container{overflow:hidden}.elementor-widget-google_maps .elementor-custom-embed{line-height:0}.elementor-widget-google_maps iframe{height:300px}<\/style>\t\t<div class=\"elementor-custom-embed\">\n\t\t\t<iframe loading=\"lazy\"\n\t\t\t\t\tsrc=\"https:\/\/maps.google.com\/maps?q=LST%20surf%20%28%20Surf%20Lessons%20%2F%20Surf%20Shop%20%2F%20Skate%20Shop%20%2F%20Skate%20Park%20%2F%20Skate%20Bowl%29%2C%20M%E1%BB%B9%20%C4%90a%20%C4%90%C3%B4ng%2010%2C%20My%20An%2C%20Ng%C5%A9%20H%C3%A0nh%20S%C6%A1n%2C%20Da%20Nang&#038;t=m&#038;z=10&#038;output=embed&#038;iwloc=near\"\n\t\t\t\t\ttitle=\"LST surf ( Surf Lessons \/ Surf Shop \/ Skate Shop \/ Skate Park \/ Skate Bowl), M\u1ef9 \u0110a \u0110\u00f4ng 10, My An, Ng\u0169 H\u00e0nh S\u01a1n, Da Nang\"\n\t\t\t\t\taria-label=\"LST surf ( Surf Lessons \/ Surf Shop \/ Skate Shop \/ Skate Park \/ Skate Bowl), M\u1ef9 \u0110a \u0110\u00f4ng 10, My An, Ng\u0169 H\u00e0nh S\u01a1n, Da Nang\"\n\t\t\t><\/iframe>\n\t\t<\/div>\n\t\t\t\t<\/div>\n\t\t\t\t<\/div>\n\t\t\t\t\t<\/div>\n\t\t\t\t<\/div>\n\t\t\t\t\t\t\t<\/div>\n\t\t","protected":false},"excerpt":{"rendered":"<p>Previous slide Next slide LST TEAM KUSAN S\u1ed1 \u0110i\u1ec7n Tho\u1ea1i \u2013 Zalo \u2013 Whatsapp Whatsapp (+84) 035-977-1237 Ng\u00f4n Ng\u1eefTi\u1ebfng Ph\u00e1p \/ Ti\u1ebfng Anh \/ Ti\u1ebfng Vi\u1ec7t KUSAN S\u1ed1 \u0110i\u1ec7n Tho\u1ea1i \u2013 Zalo \u2013 Whatsapp Whatsapp (+84) 091-265-7544 Ng\u00f4n Ng\u1eefTi\u1ebfng Anh \/ Ti\u1ebfng Vi\u1ec7t TAN S\u1ed1 \u0110i\u1ec7n Tho\u1ea1i \u2013 Zalo \u2013 Whatsapp Whatsapp (+84) 090-191-7791 Ng\u00f4n&hellip; <a class=\"more-link\" href=\"https:\/\/lstsurf.com\/vi\/resources\/\">Continue reading <span class=\"screen-reader-text\">Ngu\u1ed3n Tin<\/span><\/a><\/p>\n","protected":false},"author":1,"featured_media":0,"parent":0,"menu_order":0,"comment_status":"closed","ping_status":"closed","template":"","meta":{"footnotes":""},"class_list":["post-788","page","type-page","status-publish","hentry","entry"],"_links":{"self":[{"href":"https:\/\/lstsurf.com\/vi\/wp-json\/wp\/v2\/pages\/788","targetHints":{"allow":["GET"]}}],"collection":[{"href":"https:\/\/lstsurf.com\/vi\/wp-json\/wp\/v2\/pages"}],"about":[{"href":"https:\/\/lstsurf.com\/vi\/wp-json\/wp\/v2\/types\/page"}],"author":[{"embeddable":true,"href":"https:\/\/lstsurf.com\/vi\/wp-json\/wp\/v2\/users\/1"}],"replies":[{"embeddable":true,"href":"https:\/\/lstsurf.com\/vi\/wp-json\/wp\/v2\/comments?post=788"}],"version-history":[{"count":7,"href":"https:\/\/lstsurf.com\/vi\/wp-json\/wp\/v2\/pages\/788\/revisions"}],"predecessor-version":[{"id":799,"href":"https:\/\/lstsurf.com\/vi\/wp-json\/wp\/v2\/pages\/788\/revisions\/799"}],"wp:attachment":[{"href":"https:\/\/lstsurf.com\/vi\/wp-json\/wp\/v2\/media?parent=788"}],"curies":[{"name":"wp","href":"https:\/\/api.w.org\/{rel}","templated":true}]}}